{"id":1812,"date":"2021-03-13T18:05:16","date_gmt":"2021-03-13T18:05:16","guid":{"rendered":"https:\/\/augeyam.com\/?page_id=1812"},"modified":"2021-04-20T00:07:20","modified_gmt":"2021-04-20T00:07:20","slug":"servicios-2","status":"publish","type":"page","link":"https:\/\/augeyam.com\/home\/servicios-2\/","title":{"rendered":"Servicios"},"content":{"rendered":"\n<div class=\"wp-block-cover alignfull has-background-dim-70 has-background-dim\" style=\"background-color:#181e19\"><img fetchpriority=\"high\" decoding=\"async\" width=\"1280\" height=\"771\" class=\"wp-block-cover__image-background wp-image-1820\" alt=\"\" src=\"https:\/\/augeyam.com\/wp-content\/uploads\/2021\/03\/work-office-team-5382501.jpg\" data-object-fit=\"cover\" srcset=\"https:\/\/augeyam.com\/wp-content\/uploads\/2021\/03\/work-office-team-5382501.jpg 1280w, https:\/\/augeyam.com\/wp-content\/uploads\/2021\/03\/work-office-team-5382501-300x181.jpg 300w, https:\/\/augeyam.com\/wp-content\/uploads\/2021\/03\/work-office-team-5382501-1024x617.jpg 1024w, https:\/\/augeyam.com\/wp-content\/uploads\/2021\/03\/work-office-team-5382501-768x463.jpg 768w, https:\/\/augeyam.com\/wp-content\/uploads\/2021\/03\/work-office-team-5382501-600x361.jpg 600w\" sizes=\"(max-width: 1280px) 100vw, 1280px\" \/><div class=\"wp-block-cover__inner-container is-layout-flow wp-block-cover-is-layout-flow\">\n<div class=\"wp-block-columns are-vertically-aligned-center is-layout-flex wp-container-core-columns-is-layout-9d6595d7 wp-block-columns-is-layout-flex\">\n<div class=\"wp-block-column is-vertically-aligned-center is-layout-flow wp-block-column-is-layout-flow\">\n<h1 class=\"has-white-color has-text-color wp-block-heading\">Amplio Portafolio de Servicios<\/h1>\n<\/div>\n\n\n\n<div class=\"wp-block-column is-vertically-aligned-center is-layout-flow wp-block-column-is-layout-flow\">\n<p class=\"has-white-color has-text-color has-medium-font-size\">Auge &amp; AM S.A.S. ofrece una excelente y amplia gama de servicios, que incluyen Orientaci\u00f3n, Asesor\u00eda, Consultor\u00eda, Auditor\u00eda, Representaci\u00f3n y Gesti\u00f3n\u00a0 con el fin de lograr\u00a0 soluciones que satisfagan a nuestros clientes, basados en fundamentos legales, empresariales y ambientales, enmarcados en las medidas y necesidades individuales o colectivas.<\/p>\n<\/div>\n<\/div>\n<\/div><\/div>\n\n\n\n<div class=\"wp-block-group alignfull has-white-background-color has-background\"><div class=\"wp-block-group__inner-container is-layout-flow wp-block-group-is-layout-flow\">\n<div class=\"wp-block-media-text alignwide has-media-on-the-right is-stacked-on-mobile is-vertically-aligned-center\" style=\"grid-template-columns:auto 36%\"><figure class=\"wp-block-media-text__media\"><img decoding=\"async\" width=\"1024\" height=\"682\" src=\"https:\/\/augeyam.com\/wp-content\/uploads\/2021\/04\/meeting-office-business-5395615-1024x682.jpg\" alt=\"meeting, office, business\" class=\"wp-image-1830 size-full\" srcset=\"https:\/\/augeyam.com\/wp-content\/uploads\/2021\/04\/meeting-office-business-5395615-1024x682.jpg 1024w, https:\/\/augeyam.com\/wp-content\/uploads\/2021\/04\/meeting-office-business-5395615-300x200.jpg 300w, https:\/\/augeyam.com\/wp-content\/uploads\/2021\/04\/meeting-office-business-5395615-768x512.jpg 768w, https:\/\/augeyam.com\/wp-content\/uploads\/2021\/04\/meeting-office-business-5395615-600x400.jpg 600w, https:\/\/augeyam.com\/wp-content\/uploads\/2021\/04\/meeting-office-business-5395615.jpg 1280w\" sizes=\"(max-width: 1024px) 100vw, 1024px\" \/><\/figure><div class=\"wp-block-media-text__content\">\n<p class=\"has-large-font-size\"><strong>\u00bfNO ENCUENTRAS LA POSIBLE SOLUCI\u00d3N? <\/strong><\/p>\n\n\n\n<h5 class=\"wp-block-heading\">D\u00e9janos tus datos y uno de nuestros profesionales se contactar\u00e1 para ampliar nuestro portafolio y encontrar la mejor soluci\u00f3n. <\/h5>\n\n\n\n<div class=\"wp-block-contact-form-7-contact-form-selector\">\n<div class=\"wpcf7 no-js\" id=\"wpcf7-f22-o1\" lang=\"es-ES\" dir=\"ltr\" data-wpcf7-id=\"22\">\n<div class=\"screen-reader-response\"><p role=\"status\" aria-live=\"polite\" aria-atomic=\"true\"><\/p> <ul><\/ul><\/div>\n<form action=\"\/home\/wp-json\/wp\/v2\/pages\/1812#wpcf7-f22-o1\" method=\"post\" class=\"wpcf7-form init\" aria-label=\"Formulario de contacto\" novalidate=\"novalidate\" data-status=\"init\">\n<div style=\"display: none;\">\n<input type=\"hidden\" name=\"_wpcf7\" value=\"22\" \/>\n<input type=\"hidden\" name=\"_wpcf7_version\" value=\"6.0.1\" \/>\n<input type=\"hidden\" name=\"_wpcf7_locale\" value=\"es_ES\" \/>\n<input type=\"hidden\" name=\"_wpcf7_unit_tag\" value=\"wpcf7-f22-o1\" \/>\n<input type=\"hidden\" name=\"_wpcf7_container_post\" value=\"0\" \/>\n<input type=\"hidden\" name=\"_wpcf7_posted_data_hash\" value=\"\" \/>\n<\/div>\n<p><label> Tu nombre<br \/>\n<span class=\"wpcf7-form-control-wrap\" data-name=\"your-name\"><input size=\"40\" maxlength=\"400\" class=\"wpcf7-form-control wpcf7-text wpcf7-validates-as-required\" aria-required=\"true\" aria-invalid=\"false\" value=\"\" type=\"text\" name=\"your-name\" \/><\/span> <\/label>\n<\/p>\n<p><label> Tu correo electr\u00f3nico<br \/>\n<span class=\"wpcf7-form-control-wrap\" data-name=\"your-email\"><input size=\"40\" maxlength=\"400\" class=\"wpcf7-form-control wpcf7-email wpcf7-validates-as-required wpcf7-text wpcf7-validates-as-email\" aria-required=\"true\" aria-invalid=\"false\" value=\"\" type=\"email\" name=\"your-email\" \/><\/span> <\/label>\n<\/p>\n<p><label> Asunto<br \/>\n<span class=\"wpcf7-form-control-wrap\" data-name=\"your-subject\"><input size=\"40\" maxlength=\"400\" class=\"wpcf7-form-control wpcf7-text wpcf7-validates-as-required\" aria-required=\"true\" aria-invalid=\"false\" value=\"\" type=\"text\" name=\"your-subject\" \/><\/span> <\/label>\n<\/p>\n<p><label> Tu mensaje (opcional)<br \/>\n<span class=\"wpcf7-form-control-wrap\" data-name=\"your-message\"><textarea cols=\"40\" rows=\"10\" maxlength=\"2000\" class=\"wpcf7-form-control wpcf7-textarea\" aria-invalid=\"false\" name=\"your-message\"><\/textarea><\/span> <\/label>\n<\/p>\n<p><input class=\"wpcf7-form-control wpcf7-submit has-spinner\" type=\"submit\" value=\"Enviar\" \/>\n<\/p><div class=\"wpcf7-response-output\" aria-hidden=\"true\"><\/div>\n<\/form>\n<\/div>\n<\/div>\n\n\n\n<p><\/p>\n<\/div><\/div>\n<\/div><\/div>\n\n\n","protected":false},"excerpt":{"rendered":"<p>\u00bfNO ENCUENTRAS LA POSIBLE SOLUCI\u00d3N? D\u00e9janos tus datos y uno de nuestros profesionales se contactar\u00e1 para ampliar nuestro portafolio y encontrar la mejor soluci\u00f3n.<\/p>\n","protected":false},"author":1,"featured_media":0,"parent":0,"menu_order":0,"comment_status":"closed","ping_status":"closed","template":"","meta":{"_joinchat":[],"footnotes":""},"class_list":["post-1812","page","type-page","status-publish","hentry"],"yoast_head":"<!-- This site is optimized with the Yoast SEO plugin v16.1.1 - https:\/\/yoast.com\/wordpress\/plugins\/seo\/ -->\n<title>Servicios - AUGE &amp; AM SAS<\/title>\n<link rel=\"canonical\" href=\"https:\/\/augeyam.com\/home\/servicios-2\/\" \/>\n<meta property=\"og:locale\" content=\"es_ES\" \/>\n<meta property=\"og:type\" content=\"article\" \/>\n<meta property=\"og:title\" content=\"Servicios - AUGE &amp; AM SAS\" \/>\n<meta property=\"og:description\" content=\"\u00bfNO ENCUENTRAS LA POSIBLE SOLUCI\u00d3N? D\u00e9janos tus datos y uno de nuestros profesionales se contactar\u00e1 para ampliar nuestro portafolio y encontrar la mejor soluci\u00f3n.\" \/>\n<meta property=\"og:url\" content=\"https:\/\/augeyam.com\/home\/servicios-2\/\" \/>\n<meta property=\"og:site_name\" content=\"AUGE &amp; AM SAS\" \/>\n<meta property=\"article:modified_time\" content=\"2021-04-20T00:07:20+00:00\" \/>\n<meta property=\"og:image\" content=\"https:\/\/augeyam.com\/wp-content\/uploads\/2021\/03\/work-office-team-5382501.jpg\" \/>\n<meta name=\"twitter:card\" content=\"summary_large_image\" \/>\n<meta name=\"twitter:label1\" content=\"Tiempo de lectura\">\n\t<meta name=\"twitter:data1\" content=\"1 minuto\">\n<script type=\"application\/ld+json\" class=\"yoast-schema-graph\">{\"@context\":\"https:\/\/schema.org\",\"@graph\":[{\"@type\":\"Organization\",\"@id\":\"https:\/\/augeyam.com\/home\/#organization\",\"name\":\"Asesor\\u00edas Unidas para la Gesti\\u00f3n Empresarial y Ambiental - AUGE & AM S.A.S.\",\"url\":\"https:\/\/augeyam.com\/home\/\",\"sameAs\":[\"https:\/\/www.linkedin.com\/company\/augeyam\/\"],\"logo\":{\"@type\":\"ImageObject\",\"@id\":\"https:\/\/augeyam.com\/home\/#logo\",\"inLanguage\":\"es\",\"url\":\"https:\/\/augeyam.com\/wp-content\/uploads\/2021\/03\/cropped-cropped-AUGE-LOGO-1-1-1.jpeg\",\"contentUrl\":\"https:\/\/augeyam.com\/wp-content\/uploads\/2021\/03\/cropped-cropped-AUGE-LOGO-1-1-1.jpeg\",\"width\":471,\"height\":521,\"caption\":\"Asesor\\u00edas Unidas para la Gesti\\u00f3n Empresarial y Ambiental - AUGE & AM S.A.S.\"},\"image\":{\"@id\":\"https:\/\/augeyam.com\/home\/#logo\"}},{\"@type\":\"WebSite\",\"@id\":\"https:\/\/augeyam.com\/home\/#website\",\"url\":\"https:\/\/augeyam.com\/home\/\",\"name\":\"AUGE & AM S.A.S.\",\"description\":\"Asesor\\u00edas empresariales y ambientales\",\"publisher\":{\"@id\":\"https:\/\/augeyam.com\/home\/#organization\"},\"potentialAction\":[{\"@type\":\"SearchAction\",\"target\":\"https:\/\/augeyam.com\/home\/?s={search_term_string}\",\"query-input\":\"required name=search_term_string\"}],\"inLanguage\":\"es\"},{\"@type\":\"ImageObject\",\"@id\":\"https:\/\/augeyam.com\/home\/servicios-2\/#primaryimage\",\"inLanguage\":\"es\",\"url\":\"https:\/\/augeyam.com\/wp-content\/uploads\/2021\/03\/work-office-team-5382501.jpg\",\"contentUrl\":\"https:\/\/augeyam.com\/wp-content\/uploads\/2021\/03\/work-office-team-5382501.jpg\",\"width\":1280,\"height\":771,\"caption\":\"work, office, team\"},{\"@type\":\"WebPage\",\"@id\":\"https:\/\/augeyam.com\/home\/servicios-2\/#webpage\",\"url\":\"https:\/\/augeyam.com\/home\/servicios-2\/\",\"name\":\"Servicios - AUGE &amp; AM SAS\",\"isPartOf\":{\"@id\":\"https:\/\/augeyam.com\/home\/#website\"},\"primaryImageOfPage\":{\"@id\":\"https:\/\/augeyam.com\/home\/servicios-2\/#primaryimage\"},\"datePublished\":\"2021-03-13T18:05:16+00:00\",\"dateModified\":\"2021-04-20T00:07:20+00:00\",\"breadcrumb\":{\"@id\":\"https:\/\/augeyam.com\/home\/servicios-2\/#breadcrumb\"},\"inLanguage\":\"es\",\"potentialAction\":[{\"@type\":\"ReadAction\",\"target\":[\"https:\/\/augeyam.com\/home\/servicios-2\/\"]}]},{\"@type\":\"BreadcrumbList\",\"@id\":\"https:\/\/augeyam.com\/home\/servicios-2\/#breadcrumb\",\"itemListElement\":[{\"@type\":\"ListItem\",\"position\":1,\"item\":{\"@type\":\"WebPage\",\"@id\":\"https:\/\/augeyam.com\/home\/\",\"url\":\"https:\/\/augeyam.com\/home\/\",\"name\":\"Asesor\\u00edas empresariales y ambientales\"}},{\"@type\":\"ListItem\",\"position\":2,\"item\":{\"@type\":\"WebPage\",\"@id\":\"https:\/\/augeyam.com\/home\/servicios-2\/\",\"url\":\"https:\/\/augeyam.com\/home\/servicios-2\/\",\"name\":\"Servicios\"}}]}]}<\/script>\n<!-- \/ Yoast SEO plugin. -->","_links":{"self":[{"href":"https:\/\/augeyam.com\/home\/wp-json\/wp\/v2\/pages\/1812","targetHints":{"allow":["GET"]}}],"collection":[{"href":"https:\/\/augeyam.com\/home\/wp-json\/wp\/v2\/pages"}],"about":[{"href":"https:\/\/augeyam.com\/home\/wp-json\/wp\/v2\/types\/page"}],"author":[{"embeddable":true,"href":"https:\/\/augeyam.com\/home\/wp-json\/wp\/v2\/users\/1"}],"replies":[{"embeddable":true,"href":"https:\/\/augeyam.com\/home\/wp-json\/wp\/v2\/comments?post=1812"}],"version-history":[{"count":13,"href":"https:\/\/augeyam.com\/home\/wp-json\/wp\/v2\/pages\/1812\/revisions"}],"predecessor-version":[{"id":2193,"href":"https:\/\/augeyam.com\/home\/wp-json\/wp\/v2\/pages\/1812\/revisions\/2193"}],"wp:attachment":[{"href":"https:\/\/augeyam.com\/home\/wp-json\/wp\/v2\/media?parent=1812"}],"curies":[{"name":"wp","href":"https:\/\/api.w.org\/{rel}","templated":true}]}}