{"id":1945,"date":"2021-04-18T00:24:38","date_gmt":"2021-04-18T00:24:38","guid":{"rendered":"https:\/\/augeyam.com\/?page_id=1945"},"modified":"2025-04-16T20:31:10","modified_gmt":"2025-04-16T20:31:10","slug":"asesorias-ambientales","status":"publish","type":"page","link":"https:\/\/augeyam.com\/home\/asesorias-ambientales\/","title":{"rendered":"Asesor\u00edas Ambientales"},"content":{"rendered":"\t\t<div data-elementor-type=\"wp-page\" data-elementor-id=\"1945\" class=\"elementor elementor-1945\">\n\t\t\t\t\t\t<section class=\"elementor-section elementor-top-section elementor-element elementor-element-d889a07 elementor-section-boxed elementor-section-height-default elementor-section-height-default\" data-id=\"d889a07\" data-element_type=\"section\">\n\t\t\t\t\t\t<div class=\"elementor-container elementor-column-gap-default\">\n\t\t\t\t\t<div class=\"elementor-column elementor-col-100 elementor-top-column elementor-element elementor-element-aab1c5d\" data-id=\"aab1c5d\" data-element_type=\"column\">\n\t\t\t<div class=\"elementor-widget-wrap elementor-element-populated\">\n\t\t\t\t\t\t<div class=\"elementor-element elementor-element-719cc25 elementor-widget elementor-widget-heading\" data-id=\"719cc25\" data-element_type=\"widget\" data-widget_type=\"heading.default\">\n\t\t\t\t<div class=\"elementor-widget-container\">\n\t\t\t<h3 class=\"elementor-heading-title elementor-size-default\">En nuestro portafolio, resaltamos la calidad de las soluciones dise\u00f1adas por nuestros expertos en las siguientes l\u00edneas ambientales. <\/h3>\t\t<\/div>\n\t\t\t\t<\/div>\n\t\t\t\t\t<\/div>\n\t\t<\/div>\n\t\t\t\t\t<\/div>\n\t\t<\/section>\n\t\t\t\t<section class=\"elementor-section elementor-top-section elementor-element elementor-element-a010581 elementor-section-boxed elementor-section-height-default elementor-section-height-default\" data-id=\"a010581\" data-element_type=\"section\">\n\t\t\t\t\t\t<div class=\"elementor-container elementor-column-gap-default\">\n\t\t\t\t\t<div class=\"elementor-column elementor-col-100 elementor-top-column elementor-element elementor-element-46578e3\" data-id=\"46578e3\" data-element_type=\"column\">\n\t\t\t<div class=\"elementor-widget-wrap elementor-element-populated\">\n\t\t\t\t\t\t<div class=\"elementor-element elementor-element-cf34b1b elementor-widget elementor-widget-image\" data-id=\"cf34b1b\" data-element_type=\"widget\" data-widget_type=\"image.default\">\n\t\t\t\t<div class=\"elementor-widget-container\">\n\t\t\t\t\t\t\t\t\t\t\t\t\t<img fetchpriority=\"high\" decoding=\"async\" width=\"640\" height=\"816\" src=\"https:\/\/augeyam.com\/wp-content\/uploads\/2025\/04\/Nuestros-Servicios-2025-803x1024.png\" class=\"attachment-large size-large wp-image-2778\" alt=\"\" srcset=\"https:\/\/augeyam.com\/wp-content\/uploads\/2025\/04\/Nuestros-Servicios-2025-803x1024.png 803w, https:\/\/augeyam.com\/wp-content\/uploads\/2025\/04\/Nuestros-Servicios-2025-235x300.png 235w, https:\/\/augeyam.com\/wp-content\/uploads\/2025\/04\/Nuestros-Servicios-2025-768x980.png 768w, https:\/\/augeyam.com\/wp-content\/uploads\/2025\/04\/Nuestros-Servicios-2025-600x765.png 600w, https:\/\/augeyam.com\/wp-content\/uploads\/2025\/04\/Nuestros-Servicios-2025.png 1024w\" sizes=\"(max-width: 640px) 100vw, 640px\" \/>\t\t\t\t\t\t\t\t\t\t\t\t\t<\/div>\n\t\t\t\t<\/div>\n\t\t\t\t<div class=\"elementor-element elementor-element-e3af30e elementor-align-center elementor-widget elementor-widget-button\" data-id=\"e3af30e\" data-element_type=\"widget\" data-widget_type=\"button.default\">\n\t\t\t\t<div class=\"elementor-widget-container\">\n\t\t\t\t\t\t\t<div class=\"elementor-button-wrapper\">\n\t\t\t\t\t<a class=\"elementor-button elementor-button-link elementor-size-sm\" href=\"https:\/\/wa.link\/u2s0ko\">\n\t\t\t\t\t\t<span class=\"elementor-button-content-wrapper\">\n\t\t\t\t\t\t\t\t\t<span class=\"elementor-button-text\">\u00bfQuieres m\u00e1s informaci\u00f3n?<\/span>\n\t\t\t\t\t<\/span>\n\t\t\t\t\t<\/a>\n\t\t\t\t<\/div>\n\t\t\t\t\t\t<\/div>\n\t\t\t\t<\/div>\n\t\t\t\t\t<\/div>\n\t\t<\/div>\n\t\t\t\t\t<\/div>\n\t\t<\/section>\n\t\t\t\t<section class=\"elementor-section elementor-top-section elementor-element elementor-element-3e1694d elementor-section-boxed elementor-section-height-default elementor-section-height-default\" data-id=\"3e1694d\" data-element_type=\"section\">\n\t\t\t\t\t\t<div class=\"elementor-container elementor-column-gap-default\">\n\t\t\t\t\t<div class=\"elementor-column elementor-col-33 elementor-top-column elementor-element elementor-element-00d266d\" data-id=\"00d266d\" data-element_type=\"column\">\n\t\t\t<div class=\"elementor-widget-wrap elementor-element-populated\">\n\t\t\t\t\t\t<div class=\"elementor-element elementor-element-a9d8868 elementor-widget elementor-widget-heading\" data-id=\"a9d8868\" data-element_type=\"widget\" data-widget_type=\"heading.default\">\n\t\t\t\t<div class=\"elementor-widget-container\">\n\t\t\t<h2 class=\"elementor-heading-title elementor-size-default\">\u00bfQuieres recibir m\u00e1s informaci\u00f3n?<\/h2>\t\t<\/div>\n\t\t\t\t<\/div>\n\t\t\t\t<div class=\"elementor-element elementor-element-543c8c1 elementor-widget elementor-widget-text-editor\" data-id=\"543c8c1\" data-element_type=\"widget\" data-widget_type=\"text-editor.default\">\n\t\t\t\t<div class=\"elementor-widget-container\">\n\t\t\t\t\t\t\t<h4><span style=\"font-size: 15px; font-family: OpenSansRegular; font-weight: 400;\">Nuestro equipo estar\u00e1 disponible para resolver tus inquietudes en el menor tiempo posible.<\/span><\/h4>\t\t\t\t\t\t<\/div>\n\t\t\t\t<\/div>\n\t\t\t\t\t<\/div>\n\t\t<\/div>\n\t\t\t\t<div class=\"elementor-column elementor-col-66 elementor-top-column elementor-element elementor-element-5b3516c\" data-id=\"5b3516c\" data-element_type=\"column\">\n\t\t\t<div class=\"elementor-widget-wrap elementor-element-populated\">\n\t\t\t\t\t\t<div class=\"elementor-element elementor-element-f960b7e elementor-widget elementor-widget-text-editor\" data-id=\"f960b7e\" data-element_type=\"widget\" data-widget_type=\"text-editor.default\">\n\t\t\t\t<div class=\"elementor-widget-container\">\n\t\t\t\t\t\t\t\n<div class=\"wpcf7 no-js\" id=\"wpcf7-f22-o1\" lang=\"es-ES\" dir=\"ltr\" data-wpcf7-id=\"22\">\n<div class=\"screen-reader-response\"><p role=\"status\" aria-live=\"polite\" aria-atomic=\"true\"><\/p> <ul><\/ul><\/div>\n<form action=\"\/home\/wp-json\/wp\/v2\/pages\/1945#wpcf7-f22-o1\" method=\"post\" class=\"wpcf7-form init\" aria-label=\"Formulario de contacto\" novalidate=\"novalidate\" data-status=\"init\">\n<div style=\"display: none;\">\n<input type=\"hidden\" name=\"_wpcf7\" value=\"22\" \/>\n<input type=\"hidden\" name=\"_wpcf7_version\" value=\"6.0.1\" \/>\n<input type=\"hidden\" name=\"_wpcf7_locale\" value=\"es_ES\" \/>\n<input type=\"hidden\" name=\"_wpcf7_unit_tag\" value=\"wpcf7-f22-o1\" \/>\n<input type=\"hidden\" name=\"_wpcf7_container_post\" value=\"0\" \/>\n<input type=\"hidden\" name=\"_wpcf7_posted_data_hash\" value=\"\" \/>\n<\/div>\n<p><label> Tu nombre<br \/>\n<span class=\"wpcf7-form-control-wrap\" data-name=\"your-name\"><input size=\"40\" maxlength=\"400\" class=\"wpcf7-form-control wpcf7-text wpcf7-validates-as-required\" aria-required=\"true\" aria-invalid=\"false\" value=\"\" type=\"text\" name=\"your-name\" \/><\/span> <\/label>\n<\/p>\n<p><label> Tu correo electr\u00f3nico<br \/>\n<span class=\"wpcf7-form-control-wrap\" data-name=\"your-email\"><input size=\"40\" maxlength=\"400\" class=\"wpcf7-form-control wpcf7-email wpcf7-validates-as-required wpcf7-text wpcf7-validates-as-email\" aria-required=\"true\" aria-invalid=\"false\" value=\"\" type=\"email\" name=\"your-email\" \/><\/span> <\/label>\n<\/p>\n<p><label> Asunto<br \/>\n<span class=\"wpcf7-form-control-wrap\" data-name=\"your-subject\"><input size=\"40\" maxlength=\"400\" class=\"wpcf7-form-control wpcf7-text wpcf7-validates-as-required\" aria-required=\"true\" aria-invalid=\"false\" value=\"\" type=\"text\" name=\"your-subject\" \/><\/span> <\/label>\n<\/p>\n<p><label> Tu mensaje (opcional)<br \/>\n<span class=\"wpcf7-form-control-wrap\" data-name=\"your-message\"><textarea cols=\"40\" rows=\"10\" maxlength=\"2000\" class=\"wpcf7-form-control wpcf7-textarea\" aria-invalid=\"false\" name=\"your-message\"><\/textarea><\/span> <\/label>\n<\/p>\n<p><input class=\"wpcf7-form-control wpcf7-submit has-spinner\" type=\"submit\" value=\"Enviar\" \/>\n<\/p><div class=\"wpcf7-response-output\" aria-hidden=\"true\"><\/div>\n<\/form>\n<\/div>\n\t\t\t\t\t\t<\/div>\n\t\t\t\t<\/div>\n\t\t\t\t\t<\/div>\n\t\t<\/div>\n\t\t\t\t\t<\/div>\n\t\t<\/section>\n\t\t\t\t<\/div>\n\t\t","protected":false},"excerpt":{"rendered":"<p>En nuestro portafolio, resaltamos la calidad de las soluciones dise\u00f1adas por nuestros expertos en las siguientes l\u00edneas ambientales. \u00bfQuieres m\u00e1s informaci\u00f3n? \u00bfQuieres recibir m\u00e1s informaci\u00f3n? Nuestro equipo estar\u00e1 disponible para resolver tus inquietudes en el menor tiempo posible.<\/p>\n","protected":false},"author":1,"featured_media":0,"parent":0,"menu_order":0,"comment_status":"closed","ping_status":"closed","template":"","meta":{"_joinchat":[],"footnotes":""},"class_list":["post-1945","page","type-page","status-publish","hentry"],"yoast_head":"<!-- This site is optimized with the Yoast SEO plugin v16.1.1 - https:\/\/yoast.com\/wordpress\/plugins\/seo\/ -->\n<title>Asesor\u00edas Ambientales - AUGE &amp; AM SAS<\/title>\n<link rel=\"canonical\" href=\"https:\/\/augeyam.com\/home\/asesorias-ambientales\/\" \/>\n<meta property=\"og:locale\" content=\"es_ES\" \/>\n<meta property=\"og:type\" content=\"article\" \/>\n<meta property=\"og:title\" content=\"Asesor\u00edas Ambientales - AUGE &amp; AM SAS\" \/>\n<meta property=\"og:description\" content=\"En nuestro portafolio, resaltamos la calidad de las soluciones dise\u00f1adas por nuestros expertos en las siguientes l\u00edneas ambientales. \u00bfQuieres m\u00e1s informaci\u00f3n? \u00bfQuieres recibir m\u00e1s informaci\u00f3n? Nuestro equipo estar\u00e1 disponible para resolver tus inquietudes en el menor tiempo posible.\" \/>\n<meta property=\"og:url\" content=\"https:\/\/augeyam.com\/home\/asesorias-ambientales\/\" \/>\n<meta property=\"og:site_name\" content=\"AUGE &amp; AM SAS\" \/>\n<meta property=\"article:modified_time\" content=\"2025-04-16T20:31:10+00:00\" \/>\n<meta property=\"og:image\" content=\"https:\/\/augeyam.com\/wp-content\/uploads\/2025\/04\/Nuestros-Servicios-2025-803x1024.png\" \/>\n<meta name=\"twitter:card\" content=\"summary_large_image\" \/>\n<meta name=\"twitter:label1\" content=\"Tiempo de lectura\">\n\t<meta name=\"twitter:data1\" content=\"1 minuto\">\n<script type=\"application\/ld+json\" class=\"yoast-schema-graph\">{\"@context\":\"https:\/\/schema.org\",\"@graph\":[{\"@type\":\"Organization\",\"@id\":\"https:\/\/augeyam.com\/home\/#organization\",\"name\":\"Asesor\\u00edas Unidas para la Gesti\\u00f3n Empresarial y Ambiental - AUGE & AM S.A.S.\",\"url\":\"https:\/\/augeyam.com\/home\/\",\"sameAs\":[\"https:\/\/www.linkedin.com\/company\/augeyam\/\"],\"logo\":{\"@type\":\"ImageObject\",\"@id\":\"https:\/\/augeyam.com\/home\/#logo\",\"inLanguage\":\"es\",\"url\":\"https:\/\/augeyam.com\/wp-content\/uploads\/2021\/03\/cropped-cropped-AUGE-LOGO-1-1-1.jpeg\",\"contentUrl\":\"https:\/\/augeyam.com\/wp-content\/uploads\/2021\/03\/cropped-cropped-AUGE-LOGO-1-1-1.jpeg\",\"width\":471,\"height\":521,\"caption\":\"Asesor\\u00edas Unidas para la Gesti\\u00f3n Empresarial y Ambiental - AUGE & AM S.A.S.\"},\"image\":{\"@id\":\"https:\/\/augeyam.com\/home\/#logo\"}},{\"@type\":\"WebSite\",\"@id\":\"https:\/\/augeyam.com\/home\/#website\",\"url\":\"https:\/\/augeyam.com\/home\/\",\"name\":\"AUGE & AM S.A.S.\",\"description\":\"Asesor\\u00edas empresariales y ambientales\",\"publisher\":{\"@id\":\"https:\/\/augeyam.com\/home\/#organization\"},\"potentialAction\":[{\"@type\":\"SearchAction\",\"target\":\"https:\/\/augeyam.com\/home\/?s={search_term_string}\",\"query-input\":\"required name=search_term_string\"}],\"inLanguage\":\"es\"},{\"@type\":\"ImageObject\",\"@id\":\"https:\/\/augeyam.com\/home\/asesorias-ambientales\/#primaryimage\",\"inLanguage\":\"es\",\"url\":\"https:\/\/augeyam.com\/wp-content\/uploads\/2025\/04\/Nuestros-Servicios-2025.png\",\"contentUrl\":\"https:\/\/augeyam.com\/wp-content\/uploads\/2025\/04\/Nuestros-Servicios-2025.png\",\"width\":1024,\"height\":1306},{\"@type\":\"WebPage\",\"@id\":\"https:\/\/augeyam.com\/home\/asesorias-ambientales\/#webpage\",\"url\":\"https:\/\/augeyam.com\/home\/asesorias-ambientales\/\",\"name\":\"Asesor\\u00edas Ambientales - AUGE &amp; AM SAS\",\"isPartOf\":{\"@id\":\"https:\/\/augeyam.com\/home\/#website\"},\"primaryImageOfPage\":{\"@id\":\"https:\/\/augeyam.com\/home\/asesorias-ambientales\/#primaryimage\"},\"datePublished\":\"2021-04-18T00:24:38+00:00\",\"dateModified\":\"2025-04-16T20:31:10+00:00\",\"breadcrumb\":{\"@id\":\"https:\/\/augeyam.com\/home\/asesorias-ambientales\/#breadcrumb\"},\"inLanguage\":\"es\",\"potentialAction\":[{\"@type\":\"ReadAction\",\"target\":[\"https:\/\/augeyam.com\/home\/asesorias-ambientales\/\"]}]},{\"@type\":\"BreadcrumbList\",\"@id\":\"https:\/\/augeyam.com\/home\/asesorias-ambientales\/#breadcrumb\",\"itemListElement\":[{\"@type\":\"ListItem\",\"position\":1,\"item\":{\"@type\":\"WebPage\",\"@id\":\"https:\/\/augeyam.com\/home\/\",\"url\":\"https:\/\/augeyam.com\/home\/\",\"name\":\"Asesor\\u00edas empresariales y ambientales\"}},{\"@type\":\"ListItem\",\"position\":2,\"item\":{\"@type\":\"WebPage\",\"@id\":\"https:\/\/augeyam.com\/home\/asesorias-ambientales\/\",\"url\":\"https:\/\/augeyam.com\/home\/asesorias-ambientales\/\",\"name\":\"Asesor\\u00edas Ambientales\"}}]}]}<\/script>\n<!-- \/ Yoast SEO plugin. -->","_links":{"self":[{"href":"https:\/\/augeyam.com\/home\/wp-json\/wp\/v2\/pages\/1945","targetHints":{"allow":["GET"]}}],"collection":[{"href":"https:\/\/augeyam.com\/home\/wp-json\/wp\/v2\/pages"}],"about":[{"href":"https:\/\/augeyam.com\/home\/wp-json\/wp\/v2\/types\/page"}],"author":[{"embeddable":true,"href":"https:\/\/augeyam.com\/home\/wp-json\/wp\/v2\/users\/1"}],"replies":[{"embeddable":true,"href":"https:\/\/augeyam.com\/home\/wp-json\/wp\/v2\/comments?post=1945"}],"version-history":[{"count":55,"href":"https:\/\/augeyam.com\/home\/wp-json\/wp\/v2\/pages\/1945\/revisions"}],"predecessor-version":[{"id":2781,"href":"https:\/\/augeyam.com\/home\/wp-json\/wp\/v2\/pages\/1945\/revisions\/2781"}],"wp:attachment":[{"href":"https:\/\/augeyam.com\/home\/wp-json\/wp\/v2\/media?parent=1945"}],"curies":[{"name":"wp","href":"https:\/\/api.w.org\/{rel}","templated":true}]}}