{"id":1950,"date":"2021-04-18T00:26:27","date_gmt":"2021-04-18T00:26:27","guid":{"rendered":"https:\/\/augeyam.com\/?page_id=1950"},"modified":"2023-04-18T16:33:25","modified_gmt":"2023-04-18T16:33:25","slug":"auditoria-hseq","status":"publish","type":"page","link":"https:\/\/augeyam.com\/home\/auditoria-hseq\/","title":{"rendered":"Auditor\u00eda HSEQ"},"content":{"rendered":"\t\t<div data-elementor-type=\"wp-page\" data-elementor-id=\"1950\" class=\"elementor elementor-1950\">\n\t\t\t\t\t\t<section class=\"elementor-section elementor-top-section elementor-element elementor-element-b0bd878 elementor-section-boxed elementor-section-height-default elementor-section-height-default\" data-id=\"b0bd878\" data-element_type=\"section\">\n\t\t\t\t\t\t<div class=\"elementor-container elementor-column-gap-default\">\n\t\t\t\t\t<div class=\"elementor-column elementor-col-100 elementor-top-column elementor-element elementor-element-0df7260\" data-id=\"0df7260\" data-element_type=\"column\">\n\t\t\t<div class=\"elementor-widget-wrap elementor-element-populated\">\n\t\t\t\t\t\t<div class=\"elementor-element elementor-element-f240af9 elementor-widget elementor-widget-heading\" data-id=\"f240af9\" data-element_type=\"widget\" data-widget_type=\"heading.default\">\n\t\t\t\t<div class=\"elementor-widget-container\">\n\t\t\t<h3 class=\"elementor-heading-title elementor-size-default\">Ofrecemos auditorias para su empresa, resaltando como valor agregado nuestro inter\u00e9s por acompa\u00f1arlos durante todo el proceso. <\/h3>\t\t<\/div>\n\t\t\t\t<\/div>\n\t\t\t\t\t<\/div>\n\t\t<\/div>\n\t\t\t\t\t<\/div>\n\t\t<\/section>\n\t\t\t\t<section class=\"elementor-section elementor-top-section elementor-element elementor-element-06c7b28 elementor-section-boxed elementor-section-height-default elementor-section-height-default\" data-id=\"06c7b28\" data-element_type=\"section\">\n\t\t\t\t\t\t<div class=\"elementor-container elementor-column-gap-default\">\n\t\t\t\t\t<div class=\"elementor-column elementor-col-100 elementor-top-column elementor-element elementor-element-a9d17ab\" data-id=\"a9d17ab\" data-element_type=\"column\">\n\t\t\t<div class=\"elementor-widget-wrap elementor-element-populated\">\n\t\t\t\t\t\t<div class=\"elementor-element elementor-element-f33e8e5 elementor-widget elementor-widget-image\" data-id=\"f33e8e5\" data-element_type=\"widget\" data-widget_type=\"image.default\">\n\t\t\t\t<div class=\"elementor-widget-container\">\n\t\t\t\t\t\t\t\t\t\t\t\t\t<img fetchpriority=\"high\" decoding=\"async\" width=\"488\" height=\"176\" src=\"https:\/\/augeyam.com\/wp-content\/uploads\/2023\/03\/Captura-de-Pantalla-2023-03-19-a-las-9.02.34-p.-m..png\" class=\"attachment-large size-large wp-image-2493\" alt=\"\" srcset=\"https:\/\/augeyam.com\/wp-content\/uploads\/2023\/03\/Captura-de-Pantalla-2023-03-19-a-las-9.02.34-p.-m..png 488w, https:\/\/augeyam.com\/wp-content\/uploads\/2023\/03\/Captura-de-Pantalla-2023-03-19-a-las-9.02.34-p.-m.-300x108.png 300w\" sizes=\"(max-width: 488px) 100vw, 488px\" \/>\t\t\t\t\t\t\t\t\t\t\t\t\t<\/div>\n\t\t\t\t<\/div>\n\t\t\t\t<div class=\"elementor-element elementor-element-154696f elementor-widget elementor-widget-heading\" data-id=\"154696f\" data-element_type=\"widget\" data-widget_type=\"heading.default\">\n\t\t\t\t<div class=\"elementor-widget-container\">\n\t\t\t<h3 class=\"elementor-heading-title elementor-size-default\">Asesor\u00edas en sistemas integrados de gesti\u00f3n (ISO)<\/h3>\t\t<\/div>\n\t\t\t\t<\/div>\n\t\t\t\t\t<\/div>\n\t\t<\/div>\n\t\t\t\t\t<\/div>\n\t\t<\/section>\n\t\t\t\t<section class=\"elementor-section elementor-top-section elementor-element elementor-element-f62e42e elementor-section-boxed elementor-section-height-default elementor-section-height-default\" data-id=\"f62e42e\" data-element_type=\"section\">\n\t\t\t\t\t\t<div class=\"elementor-container elementor-column-gap-default\">\n\t\t\t\t\t<div class=\"elementor-column elementor-col-100 elementor-top-column elementor-element elementor-element-b7fb18a\" data-id=\"b7fb18a\" data-element_type=\"column\">\n\t\t\t<div class=\"elementor-widget-wrap elementor-element-populated\">\n\t\t\t\t\t\t<div class=\"elementor-element elementor-element-0e7acf3 elementor-widget elementor-widget-image\" data-id=\"0e7acf3\" data-element_type=\"widget\" data-widget_type=\"image.default\">\n\t\t\t\t<div class=\"elementor-widget-container\">\n\t\t\t\t\t\t\t\t\t\t\t\t\t<img decoding=\"async\" width=\"521\" height=\"438\" src=\"https:\/\/augeyam.com\/wp-content\/uploads\/2023\/03\/Captura-de-Pantalla-2023-03-19-a-las-9.33.35-p.-m..png\" class=\"attachment-large size-large wp-image-2495\" alt=\"\" srcset=\"https:\/\/augeyam.com\/wp-content\/uploads\/2023\/03\/Captura-de-Pantalla-2023-03-19-a-las-9.33.35-p.-m..png 521w, https:\/\/augeyam.com\/wp-content\/uploads\/2023\/03\/Captura-de-Pantalla-2023-03-19-a-las-9.33.35-p.-m.-300x252.png 300w\" sizes=\"(max-width: 521px) 100vw, 521px\" \/>\t\t\t\t\t\t\t\t\t\t\t\t\t<\/div>\n\t\t\t\t<\/div>\n\t\t\t\t<div class=\"elementor-element elementor-element-db309a9 elementor-widget elementor-widget-heading\" data-id=\"db309a9\" data-element_type=\"widget\" data-widget_type=\"heading.default\">\n\t\t\t\t<div class=\"elementor-widget-container\">\n\t\t\t<h2 class=\"elementor-heading-title elementor-size-default\"><h3 class=\"elementor-heading-title elementor-size-default elementor-inline-editing pen\" data-elementor-setting-key=\"title\" data-pen-placeholder=\"Teclea aqu\u00ed...\" style=\"text-align: center\">Investigaci\u00f3n de accidentes y enfermedades laborales<\/h3><\/h2>\t\t<\/div>\n\t\t\t\t<\/div>\n\t\t\t\t\t<\/div>\n\t\t<\/div>\n\t\t\t\t\t<\/div>\n\t\t<\/section>\n\t\t\t\t<section class=\"elementor-section elementor-top-section elementor-element elementor-element-be24338 elementor-section-boxed elementor-section-height-default elementor-section-height-default\" data-id=\"be24338\" data-element_type=\"section\">\n\t\t\t\t\t\t<div class=\"elementor-container elementor-column-gap-default\">\n\t\t\t\t\t<div class=\"elementor-column elementor-col-100 elementor-top-column elementor-element elementor-element-0d88486\" data-id=\"0d88486\" data-element_type=\"column\">\n\t\t\t<div class=\"elementor-widget-wrap elementor-element-populated\">\n\t\t\t\t\t\t<div class=\"elementor-element elementor-element-5bef650 elementor-align-center elementor-widget elementor-widget-button\" data-id=\"5bef650\" data-element_type=\"widget\" data-widget_type=\"button.default\">\n\t\t\t\t<div class=\"elementor-widget-container\">\n\t\t\t\t\t\t\t<div class=\"elementor-button-wrapper\">\n\t\t\t\t\t<a class=\"elementor-button elementor-button-link elementor-size-sm\" href=\"https:\/\/wa.link\/u2s0ko\">\n\t\t\t\t\t\t<span class=\"elementor-button-content-wrapper\">\n\t\t\t\t\t\t\t\t\t<span class=\"elementor-button-text\">\u00bfNecesitas asesor\u00eda?<\/span>\n\t\t\t\t\t<\/span>\n\t\t\t\t\t<\/a>\n\t\t\t\t<\/div>\n\t\t\t\t\t\t<\/div>\n\t\t\t\t<\/div>\n\t\t\t\t\t<\/div>\n\t\t<\/div>\n\t\t\t\t\t<\/div>\n\t\t<\/section>\n\t\t\t\t<section class=\"elementor-section elementor-top-section elementor-element elementor-element-83530d5 elementor-section-boxed elementor-section-height-default elementor-section-height-default\" data-id=\"83530d5\" data-element_type=\"section\">\n\t\t\t\t\t\t<div class=\"elementor-container elementor-column-gap-default\">\n\t\t\t\t\t<div class=\"elementor-column elementor-col-50 elementor-top-column elementor-element elementor-element-6d50e5c\" data-id=\"6d50e5c\" data-element_type=\"column\">\n\t\t\t<div class=\"elementor-widget-wrap elementor-element-populated\">\n\t\t\t\t\t\t<div class=\"elementor-element elementor-element-e0bd8ec elementor-widget elementor-widget-heading\" data-id=\"e0bd8ec\" data-element_type=\"widget\" data-widget_type=\"heading.default\">\n\t\t\t\t<div class=\"elementor-widget-container\">\n\t\t\t<h2 class=\"elementor-heading-title elementor-size-default\">\u00bfQuieres recibir m\u00e1s informaci\u00f3n?<\/h2>\t\t<\/div>\n\t\t\t\t<\/div>\n\t\t\t\t<div class=\"elementor-element elementor-element-9e84682 elementor-widget elementor-widget-text-editor\" data-id=\"9e84682\" data-element_type=\"widget\" data-widget_type=\"text-editor.default\">\n\t\t\t\t<div class=\"elementor-widget-container\">\n\t\t\t\t\t\t\t<h5 style=\"text-transform: none; font-style: normal; text-decoration-thickness: initial; text-decoration-style: initial; text-decoration-color: initial; text-align: left;\"><span style=\"font-weight: bolder;\">\u00a0<\/span>Nuestro equipo estar\u00e1 disponible para resolver tus inquietudes en el menor tiempo posible.<\/h5>\t\t\t\t\t\t<\/div>\n\t\t\t\t<\/div>\n\t\t\t\t\t<\/div>\n\t\t<\/div>\n\t\t\t\t<div class=\"elementor-column elementor-col-50 elementor-top-column elementor-element elementor-element-e4eeee1\" data-id=\"e4eeee1\" data-element_type=\"column\">\n\t\t\t<div class=\"elementor-widget-wrap elementor-element-populated\">\n\t\t\t\t\t\t<div class=\"elementor-element elementor-element-05602af elementor-widget elementor-widget-text-editor\" data-id=\"05602af\" data-element_type=\"widget\" data-widget_type=\"text-editor.default\">\n\t\t\t\t<div class=\"elementor-widget-container\">\n\t\t\t\t\t\t\t\n<div class=\"wpcf7 no-js\" id=\"wpcf7-f22-o1\" lang=\"es-ES\" dir=\"ltr\" data-wpcf7-id=\"22\">\n<div class=\"screen-reader-response\"><p role=\"status\" aria-live=\"polite\" aria-atomic=\"true\"><\/p> <ul><\/ul><\/div>\n<form action=\"\/home\/wp-json\/wp\/v2\/pages\/1950#wpcf7-f22-o1\" method=\"post\" class=\"wpcf7-form init\" aria-label=\"Formulario de contacto\" novalidate=\"novalidate\" data-status=\"init\">\n<div style=\"display: none;\">\n<input type=\"hidden\" name=\"_wpcf7\" value=\"22\" \/>\n<input type=\"hidden\" name=\"_wpcf7_version\" value=\"6.0.1\" \/>\n<input type=\"hidden\" name=\"_wpcf7_locale\" value=\"es_ES\" \/>\n<input type=\"hidden\" name=\"_wpcf7_unit_tag\" value=\"wpcf7-f22-o1\" \/>\n<input type=\"hidden\" name=\"_wpcf7_container_post\" value=\"0\" \/>\n<input type=\"hidden\" name=\"_wpcf7_posted_data_hash\" value=\"\" \/>\n<\/div>\n<p><label> Tu nombre<br \/>\n<span class=\"wpcf7-form-control-wrap\" data-name=\"your-name\"><input size=\"40\" maxlength=\"400\" class=\"wpcf7-form-control wpcf7-text wpcf7-validates-as-required\" aria-required=\"true\" aria-invalid=\"false\" value=\"\" type=\"text\" name=\"your-name\" \/><\/span> <\/label>\n<\/p>\n<p><label> Tu correo electr\u00f3nico<br \/>\n<span class=\"wpcf7-form-control-wrap\" data-name=\"your-email\"><input size=\"40\" maxlength=\"400\" class=\"wpcf7-form-control wpcf7-email wpcf7-validates-as-required wpcf7-text wpcf7-validates-as-email\" aria-required=\"true\" aria-invalid=\"false\" value=\"\" type=\"email\" name=\"your-email\" \/><\/span> <\/label>\n<\/p>\n<p><label> Asunto<br \/>\n<span class=\"wpcf7-form-control-wrap\" data-name=\"your-subject\"><input size=\"40\" maxlength=\"400\" class=\"wpcf7-form-control wpcf7-text wpcf7-validates-as-required\" aria-required=\"true\" aria-invalid=\"false\" value=\"\" type=\"text\" name=\"your-subject\" \/><\/span> <\/label>\n<\/p>\n<p><label> Tu mensaje (opcional)<br \/>\n<span class=\"wpcf7-form-control-wrap\" data-name=\"your-message\"><textarea cols=\"40\" rows=\"10\" maxlength=\"2000\" class=\"wpcf7-form-control wpcf7-textarea\" aria-invalid=\"false\" name=\"your-message\"><\/textarea><\/span> <\/label>\n<\/p>\n<p><input class=\"wpcf7-form-control wpcf7-submit has-spinner\" type=\"submit\" value=\"Enviar\" \/>\n<\/p><div class=\"wpcf7-response-output\" aria-hidden=\"true\"><\/div>\n<\/form>\n<\/div>\n\t\t\t\t\t\t<\/div>\n\t\t\t\t<\/div>\n\t\t\t\t\t<\/div>\n\t\t<\/div>\n\t\t\t\t\t<\/div>\n\t\t<\/section>\n\t\t\t\t<\/div>\n\t\t","protected":false},"excerpt":{"rendered":"<p>Ofrecemos auditorias para su empresa, resaltando como valor agregado nuestro inter\u00e9s por acompa\u00f1arlos durante todo el proceso. Asesor\u00edas en sistemas integrados de gesti\u00f3n (ISO) Investigaci\u00f3n de accidentes y enfermedades laborales \u00bfNecesitas asesor\u00eda? \u00bfQuieres recibir m\u00e1s informaci\u00f3n? \u00a0Nuestro equipo estar\u00e1 disponible para resolver tus inquietudes en el menor tiempo posible.<\/p>\n","protected":false},"author":1,"featured_media":0,"parent":0,"menu_order":0,"comment_status":"closed","ping_status":"closed","template":"","meta":{"_joinchat":[],"footnotes":""},"class_list":["post-1950","page","type-page","status-publish","hentry"],"yoast_head":"<!-- This site is optimized with the Yoast SEO plugin v16.1.1 - https:\/\/yoast.com\/wordpress\/plugins\/seo\/ -->\n<title>Auditor\u00eda HSEQ - AUGE &amp; AM SAS<\/title>\n<link rel=\"canonical\" href=\"https:\/\/augeyam.com\/home\/auditoria-hseq\/\" \/>\n<meta property=\"og:locale\" content=\"es_ES\" \/>\n<meta property=\"og:type\" content=\"article\" \/>\n<meta property=\"og:title\" content=\"Auditor\u00eda HSEQ - AUGE &amp; AM SAS\" \/>\n<meta property=\"og:description\" content=\"Ofrecemos auditorias para su empresa, resaltando como valor agregado nuestro inter\u00e9s por acompa\u00f1arlos durante todo el proceso. Asesor\u00edas en sistemas integrados de gesti\u00f3n (ISO) Investigaci\u00f3n de accidentes y enfermedades laborales \u00bfNecesitas asesor\u00eda? \u00bfQuieres recibir m\u00e1s informaci\u00f3n? \u00a0Nuestro equipo estar\u00e1 disponible para resolver tus inquietudes en el menor tiempo posible.\" \/>\n<meta property=\"og:url\" content=\"https:\/\/augeyam.com\/home\/auditoria-hseq\/\" \/>\n<meta property=\"og:site_name\" content=\"AUGE &amp; AM SAS\" \/>\n<meta property=\"article:modified_time\" content=\"2023-04-18T16:33:25+00:00\" \/>\n<meta property=\"og:image\" content=\"https:\/\/augeyam.com\/wp-content\/uploads\/2023\/03\/Captura-de-Pantalla-2023-03-19-a-las-9.02.34-p.-m..png\" \/>\n<meta name=\"twitter:card\" content=\"summary_large_image\" \/>\n<meta name=\"twitter:label1\" content=\"Tiempo de lectura\">\n\t<meta name=\"twitter:data1\" content=\"1 minuto\">\n<script type=\"application\/ld+json\" class=\"yoast-schema-graph\">{\"@context\":\"https:\/\/schema.org\",\"@graph\":[{\"@type\":\"Organization\",\"@id\":\"https:\/\/augeyam.com\/home\/#organization\",\"name\":\"Asesor\\u00edas Unidas para la Gesti\\u00f3n Empresarial y Ambiental - AUGE & AM S.A.S.\",\"url\":\"https:\/\/augeyam.com\/home\/\",\"sameAs\":[\"https:\/\/www.linkedin.com\/company\/augeyam\/\"],\"logo\":{\"@type\":\"ImageObject\",\"@id\":\"https:\/\/augeyam.com\/home\/#logo\",\"inLanguage\":\"es\",\"url\":\"https:\/\/augeyam.com\/wp-content\/uploads\/2021\/03\/cropped-cropped-AUGE-LOGO-1-1-1.jpeg\",\"contentUrl\":\"https:\/\/augeyam.com\/wp-content\/uploads\/2021\/03\/cropped-cropped-AUGE-LOGO-1-1-1.jpeg\",\"width\":471,\"height\":521,\"caption\":\"Asesor\\u00edas Unidas para la Gesti\\u00f3n Empresarial y Ambiental - AUGE & AM S.A.S.\"},\"image\":{\"@id\":\"https:\/\/augeyam.com\/home\/#logo\"}},{\"@type\":\"WebSite\",\"@id\":\"https:\/\/augeyam.com\/home\/#website\",\"url\":\"https:\/\/augeyam.com\/home\/\",\"name\":\"AUGE & AM S.A.S.\",\"description\":\"Asesor\\u00edas empresariales y ambientales\",\"publisher\":{\"@id\":\"https:\/\/augeyam.com\/home\/#organization\"},\"potentialAction\":[{\"@type\":\"SearchAction\",\"target\":\"https:\/\/augeyam.com\/home\/?s={search_term_string}\",\"query-input\":\"required name=search_term_string\"}],\"inLanguage\":\"es\"},{\"@type\":\"ImageObject\",\"@id\":\"https:\/\/augeyam.com\/home\/auditoria-hseq\/#primaryimage\",\"inLanguage\":\"es\",\"url\":\"https:\/\/augeyam.com\/wp-content\/uploads\/2023\/03\/Captura-de-Pantalla-2023-03-19-a-las-9.02.34-p.-m..png\",\"contentUrl\":\"https:\/\/augeyam.com\/wp-content\/uploads\/2023\/03\/Captura-de-Pantalla-2023-03-19-a-las-9.02.34-p.-m..png\",\"width\":488,\"height\":176},{\"@type\":\"WebPage\",\"@id\":\"https:\/\/augeyam.com\/home\/auditoria-hseq\/#webpage\",\"url\":\"https:\/\/augeyam.com\/home\/auditoria-hseq\/\",\"name\":\"Auditor\\u00eda HSEQ - AUGE &amp; AM SAS\",\"isPartOf\":{\"@id\":\"https:\/\/augeyam.com\/home\/#website\"},\"primaryImageOfPage\":{\"@id\":\"https:\/\/augeyam.com\/home\/auditoria-hseq\/#primaryimage\"},\"datePublished\":\"2021-04-18T00:26:27+00:00\",\"dateModified\":\"2023-04-18T16:33:25+00:00\",\"breadcrumb\":{\"@id\":\"https:\/\/augeyam.com\/home\/auditoria-hseq\/#breadcrumb\"},\"inLanguage\":\"es\",\"potentialAction\":[{\"@type\":\"ReadAction\",\"target\":[\"https:\/\/augeyam.com\/home\/auditoria-hseq\/\"]}]},{\"@type\":\"BreadcrumbList\",\"@id\":\"https:\/\/augeyam.com\/home\/auditoria-hseq\/#breadcrumb\",\"itemListElement\":[{\"@type\":\"ListItem\",\"position\":1,\"item\":{\"@type\":\"WebPage\",\"@id\":\"https:\/\/augeyam.com\/home\/\",\"url\":\"https:\/\/augeyam.com\/home\/\",\"name\":\"Asesor\\u00edas empresariales y ambientales\"}},{\"@type\":\"ListItem\",\"position\":2,\"item\":{\"@type\":\"WebPage\",\"@id\":\"https:\/\/augeyam.com\/home\/auditoria-hseq\/\",\"url\":\"https:\/\/augeyam.com\/home\/auditoria-hseq\/\",\"name\":\"Auditor\\u00eda HSEQ\"}}]}]}<\/script>\n<!-- \/ Yoast SEO plugin. -->","_links":{"self":[{"href":"https:\/\/augeyam.com\/home\/wp-json\/wp\/v2\/pages\/1950","targetHints":{"allow":["GET"]}}],"collection":[{"href":"https:\/\/augeyam.com\/home\/wp-json\/wp\/v2\/pages"}],"about":[{"href":"https:\/\/augeyam.com\/home\/wp-json\/wp\/v2\/types\/page"}],"author":[{"embeddable":true,"href":"https:\/\/augeyam.com\/home\/wp-json\/wp\/v2\/users\/1"}],"replies":[{"embeddable":true,"href":"https:\/\/augeyam.com\/home\/wp-json\/wp\/v2\/comments?post=1950"}],"version-history":[{"count":43,"href":"https:\/\/augeyam.com\/home\/wp-json\/wp\/v2\/pages\/1950\/revisions"}],"predecessor-version":[{"id":2745,"href":"https:\/\/augeyam.com\/home\/wp-json\/wp\/v2\/pages\/1950\/revisions\/2745"}],"wp:attachment":[{"href":"https:\/\/augeyam.com\/home\/wp-json\/wp\/v2\/media?parent=1950"}],"curies":[{"name":"wp","href":"https:\/\/api.w.org\/{rel}","templated":true}]}}